{"id":29770,"date":"2022-09-09T08:45:32","date_gmt":"2022-09-09T08:45:32","guid":{"rendered":"https:\/\/autozone24.gmbh\/politique-de-confidentialite\/"},"modified":"2026-03-11T00:32:53","modified_gmt":"2026-03-11T00:32:53","slug":"politique-de-confidentialite","status":"publish","type":"page","link":"https:\/\/autozone24.gmbh\/fr\/politique-de-confidentialite\/","title":{"rendered":"Politique de confidentialit\u00e9"},"content":{"rendered":"\t\t<div data-elementor-type=\"wp-page\" data-elementor-id=\"29770\" class=\"elementor elementor-29770 elementor-21374\" data-elementor-post-type=\"page\">\n\t\t\t\t\t\t<section class=\"elementor-section elementor-top-section elementor-element elementor-element-1c725de2 elementor-section-boxed elementor-section-height-default elementor-section-height-default\" data-id=\"1c725de2\" data-element_type=\"section\" data-e-type=\"section\">\n\t\t\t\t\t\t<div class=\"elementor-container elementor-column-gap-default\">\n\t\t\t\t\t<div class=\"elementor-column elementor-col-100 elementor-top-column elementor-element elementor-element-59c64c01\" data-id=\"59c64c01\" data-element_type=\"column\" data-e-type=\"column\">\n\t\t\t<div class=\"elementor-widget-wrap elementor-element-populated\">\n\t\t\t\t\t\t<div class=\"elementor-element elementor-element-59c2c969 elementor-widget elementor-widget-image\" data-id=\"59c2c969\" data-element_type=\"widget\" data-e-type=\"widget\" data-widget_type=\"image.default\">\n\t\t\t\t<div class=\"elementor-widget-container\">\n\t\t\t\t\t\t\t\t\t\t\t\t\t\t\t\t<a href=\"https:\/\/dappgroup.ch\">\n\t\t\t\t\t\t\t<img decoding=\"async\" width=\"194\" height=\"64\" src=\"https:\/\/autozone24.gmbh\/wp-content\/uploads\/2022\/02\/autozone24-dark.gif\" class=\"attachment-full size-full wp-image-22639\" alt=\"\" \/>\t\t\t\t\t\t\t\t<\/a>\n\t\t\t\t\t\t\t\t\t\t\t\t\t\t\t<\/div>\n\t\t\t\t<\/div>\n\t\t\t\t<div class=\"elementor-element elementor-element-5d9d818f elementor-widget elementor-widget-text-editor\" data-id=\"5d9d818f\" data-element_type=\"widget\" data-e-type=\"widget\" data-widget_type=\"text-editor.default\">\n\t\t\t\t<div class=\"elementor-widget-container\">\n\t\t\t\t\t\t\t\t\t<p>Autozone 24 GmbH<\/p><p>11, Heidelbergstrasse,<\/p><p>8355 Aadorf<\/p><p>UID : CHE-415.149.587<\/p>\t\t\t\t\t\t\t\t<\/div>\n\t\t\t\t<\/div>\n\t\t\t\t\t<\/div>\n\t\t<\/div>\n\t\t\t\t\t<\/div>\n\t\t<\/section>\n\t\t\t\t<section class=\"elementor-section elementor-top-section elementor-element elementor-element-59634d56 elementor-section-boxed elementor-section-height-default elementor-section-height-default\" data-id=\"59634d56\" data-element_type=\"section\" data-e-type=\"section\">\n\t\t\t\t\t\t<div class=\"elementor-container elementor-column-gap-default\">\n\t\t\t\t\t<div class=\"elementor-column elementor-col-50 elementor-top-column elementor-element elementor-element-302a620\" data-id=\"302a620\" data-element_type=\"column\" data-e-type=\"column\">\n\t\t\t<div class=\"elementor-widget-wrap elementor-element-populated\">\n\t\t\t\t\t\t<div class=\"elementor-element elementor-element-7fcfb444 elementor-widget elementor-widget-button\" data-id=\"7fcfb444\" data-element_type=\"widget\" data-e-type=\"widget\" data-widget_type=\"button.default\">\n\t\t\t\t<div class=\"elementor-widget-container\">\n\t\t\t\t\t\t\t\t\t<div class=\"elementor-button-wrapper\">\n\t\t\t\t\t<a class=\"elementor-button elementor-button-link elementor-size-sm\" href=\"tel:+41%2079%20904%2024%2024\">\n\t\t\t\t\t\t<span class=\"elementor-button-content-wrapper\">\n\t\t\t\t\t\t<span class=\"elementor-button-icon\">\n\t\t\t\t<i aria-hidden=\"true\" class=\"fas fa-phone-alt\"><\/i>\t\t\t<\/span>\n\t\t\t\t\t\t\t\t\t<span class=\"elementor-button-text\">T\u00e9l\u00e9phone<\/span>\n\t\t\t\t\t<\/span>\n\t\t\t\t\t<\/a>\n\t\t\t\t<\/div>\n\t\t\t\t\t\t\t\t<\/div>\n\t\t\t\t<\/div>\n\t\t\t\t\t<\/div>\n\t\t<\/div>\n\t\t\t\t<div class=\"elementor-column elementor-col-50 elementor-top-column elementor-element elementor-element-54e1b2e\" data-id=\"54e1b2e\" data-element_type=\"column\" data-e-type=\"column\">\n\t\t\t<div class=\"elementor-widget-wrap elementor-element-populated\">\n\t\t\t\t\t\t<div class=\"elementor-element elementor-element-7e549368 elementor-widget elementor-widget-button\" data-id=\"7e549368\" data-element_type=\"widget\" data-e-type=\"widget\" data-widget_type=\"button.default\">\n\t\t\t\t<div class=\"elementor-widget-container\">\n\t\t\t\t\t\t\t\t\t<div class=\"elementor-button-wrapper\">\n\t\t\t\t\t<a class=\"elementor-button elementor-button-link elementor-size-sm\" href=\"mailto:hallo@autozone24.gmbh\">\n\t\t\t\t\t\t<span class=\"elementor-button-content-wrapper\">\n\t\t\t\t\t\t<span class=\"elementor-button-icon\">\n\t\t\t\t<i aria-hidden=\"true\" class=\"fas fa-envelope-open-text\"><\/i>\t\t\t<\/span>\n\t\t\t\t\t\t\t\t\t<span class=\"elementor-button-text\">Contact<\/span>\n\t\t\t\t\t<\/span>\n\t\t\t\t\t<\/a>\n\t\t\t\t<\/div>\n\t\t\t\t\t\t\t\t<\/div>\n\t\t\t\t<\/div>\n\t\t\t\t\t<\/div>\n\t\t<\/div>\n\t\t\t\t\t<\/div>\n\t\t<\/section>\n\t\t\t\t<section class=\"elementor-section elementor-top-section elementor-element elementor-element-427fbaee elementor-section-boxed elementor-section-height-default elementor-section-height-default\" data-id=\"427fbaee\" data-element_type=\"section\" data-e-type=\"section\">\n\t\t\t\t\t\t<div class=\"elementor-container elementor-column-gap-default\">\n\t\t\t\t\t<div class=\"elementor-column elementor-col-100 elementor-top-column elementor-element elementor-element-5abe5b1b\" data-id=\"5abe5b1b\" data-element_type=\"column\" data-e-type=\"column\">\n\t\t\t<div class=\"elementor-widget-wrap elementor-element-populated\">\n\t\t\t\t\t\t<div class=\"elementor-element elementor-element-6dd10c72 elementor-widget elementor-widget-text-editor\" data-id=\"6dd10c72\" data-element_type=\"widget\" data-e-type=\"widget\" data-widget_type=\"text-editor.default\">\n\t\t\t\t<div class=\"elementor-widget-container\">\n\t\t\t\t\t\t\t\t\t<h1><b><span lang=\"DE\">Politique de confidentialit\u00e9<\/span><\/b><\/h1>\t\t\t\t\t\t\t\t<\/div>\n\t\t\t\t<\/div>\n\t\t\t\t<div class=\"elementor-element elementor-element-ed2bb85 elementor-widget elementor-widget-text-editor\" data-id=\"ed2bb85\" data-element_type=\"widget\" data-e-type=\"widget\" data-widget_type=\"text-editor.default\">\n\t\t\t\t<div class=\"elementor-widget-container\">\n\t\t\t\t\t\t\t\t\t<p><span lang=\"DE\">En postulant \u00e0 un emploi via le site autozone24.gmbh, vous mettez des donn\u00e9es personnelles \u00e0 la disposition du site et du service qui recrute.<\/span><\/p><p><span lang=\"DE\"><br><b>Stockage et utilisation des donn\u00e9es relatives \u00e0 la candidature<\/b><\/span><\/p><p><span lang=\"DE\">Les donn\u00e9es relatives \u00e0 la candidature sont les documents de candidature tels que les lettres de motivation, les certificats professionnels, les certificats de formation et de formation continue ainsi que les certificats de travail.<\/span><\/p><p><span lang=\"DE\">Les donn\u00e9es relatives \u00e0 la candidature sont trait\u00e9es exclusivement dans le cadre de votre candidature. Elles ne sont accessibles qu&rsquo;aux collaborateurs RH et aux personnes responsables de la s\u00e9lection. Les donn\u00e9es relatives \u00e0 votre candidature ne seront en aucun cas transmises \u00e0 des entreprises ou des personnes en dehors de ce cercle, ni utilis\u00e9es \u00e0 d&rsquo;autres fins.<\/span><\/p><p><span lang=\"DE\"> <\/span><\/p><p><span lang=\"DE\">Si vous entrez en fonction sur la base de votre candidature, les documents de candidature sont class\u00e9s dans votre dossier personnel. Les donn\u00e9es et documents concernant d&rsquo;autres candidatures sont anonymis\u00e9s ou supprim\u00e9s.<\/span><\/p><p><span lang=\"DE\">Si vous avez postul\u00e9 \u00e0 un emploi mais que vous avez re\u00e7u une r\u00e9ponse n\u00e9gative, vos documents seront automatiquement supprim\u00e9s au plus tard trois mois apr\u00e8s la fin de la proc\u00e9dure de candidature et vos donn\u00e9es seront rendues anonymes. Aucune communication n&rsquo;est faite sur la suppression ou l&rsquo;anonymisation des donn\u00e9es.<\/span><\/p><p><b><span lang=\"DE\"><br>Droit d&rsquo;acc\u00e8s<\/span><\/b><\/p><p><span lang=\"DE\">En adressant une demande d&rsquo;information \u00e0 l&rsquo;unit\u00e9 organisationnelle d\u00e9sign\u00e9e dans l&rsquo;offre d&#8217;emploi, vous pouvez demander \u00e0 savoir quelles donn\u00e9es vous concernant sont trait\u00e9es.<\/span><\/p><p><span lang=\"DE\"><br><b>Mesures de protection des donn\u00e9es personnelles<br><\/b><\/span><span style=\"color: var( --e-global-color-text );\">Notre site web autozone24.gmbh prend toutes les mesures organisationnelles et techniques n\u00e9cessaires pour garantir la protection et la s\u00e9curit\u00e9 des donn\u00e9es. Nous attirons votre attention sur le fait que vos donn\u00e9es sont exclusivement stock\u00e9es dans un cloud en Suisse ou dans l&rsquo;UE.<\/span><\/p>\t\t\t\t\t\t\t\t<\/div>\n\t\t\t\t<\/div>\n\t\t\t\t\t<\/div>\n\t\t<\/div>\n\t\t\t\t\t<\/div>\n\t\t<\/section>\n\t\t\t\t<section class=\"elementor-section elementor-top-section elementor-element elementor-element-530cce2 elementor-section-boxed elementor-section-height-default elementor-section-height-default\" data-id=\"530cce2\" data-element_type=\"section\" data-e-type=\"section\">\n\t\t\t\t\t\t<div class=\"elementor-container elementor-column-gap-default\">\n\t\t\t\t\t<div class=\"elementor-column elementor-col-100 elementor-top-column elementor-element elementor-element-a52bb3c\" data-id=\"a52bb3c\" data-element_type=\"column\" data-e-type=\"column\">\n\t\t\t<div class=\"elementor-widget-wrap elementor-element-populated\">\n\t\t\t\t\t\t<div class=\"elementor-element elementor-element-1f1aa67 elementor-widget elementor-widget-spacer\" data-id=\"1f1aa67\" data-element_type=\"widget\" data-e-type=\"widget\" data-widget_type=\"spacer.default\">\n\t\t\t\t<div class=\"elementor-widget-container\">\n\t\t\t\t\t\t\t<div class=\"elementor-spacer\">\n\t\t\t<div class=\"elementor-spacer-inner\"><\/div>\n\t\t<\/div>\n\t\t\t\t\t\t<\/div>\n\t\t\t\t<\/div>\n\t\t\t\t\t<\/div>\n\t\t<\/div>\n\t\t\t\t\t<\/div>\n\t\t<\/section>\n\t\t\t\t<\/div>\n\t\t","protected":false},"excerpt":{"rendered":"<p>Autozone 24 GmbH 11, Heidelbergstrasse, 8355 Aadorf UID : CHE-415.149.587 T\u00e9l\u00e9phone Contact Politique de confidentialit\u00e9 En postulant \u00e0 un emploi via le site autozone24.gmbh, vous mettez des donn\u00e9es personnelles \u00e0 la disposition du site et du service qui recrute. Stockage et utilisation des donn\u00e9es relatives \u00e0 la candidature Les donn\u00e9es relatives \u00e0 la candidature sont [&hellip;]<\/p>\n","protected":false},"author":78,"featured_media":0,"parent":0,"menu_order":0,"comment_status":"closed","ping_status":"closed","template":"","meta":{"footnotes":""},"class_list":["post-29770","page","type-page","status-publish","hentry"],"_links":{"self":[{"href":"https:\/\/autozone24.gmbh\/fr\/wp-json\/wp\/v2\/pages\/29770","targetHints":{"allow":["GET"]}}],"collection":[{"href":"https:\/\/autozone24.gmbh\/fr\/wp-json\/wp\/v2\/pages"}],"about":[{"href":"https:\/\/autozone24.gmbh\/fr\/wp-json\/wp\/v2\/types\/page"}],"author":[{"embeddable":true,"href":"https:\/\/autozone24.gmbh\/fr\/wp-json\/wp\/v2\/users\/78"}],"replies":[{"embeddable":true,"href":"https:\/\/autozone24.gmbh\/fr\/wp-json\/wp\/v2\/comments?post=29770"}],"version-history":[{"count":1,"href":"https:\/\/autozone24.gmbh\/fr\/wp-json\/wp\/v2\/pages\/29770\/revisions"}],"predecessor-version":[{"id":29771,"href":"https:\/\/autozone24.gmbh\/fr\/wp-json\/wp\/v2\/pages\/29770\/revisions\/29771"}],"wp:attachment":[{"href":"https:\/\/autozone24.gmbh\/fr\/wp-json\/wp\/v2\/media?parent=29770"}],"curies":[{"name":"wp","href":"https:\/\/api.w.org\/{rel}","templated":true}]}}