{"id":29624,"date":"2022-02-16T22:58:07","date_gmt":"2022-02-16T22:58:07","guid":{"rendered":"https:\/\/autozone24.gmbh\/blog\/"},"modified":"2026-03-04T20:16:57","modified_gmt":"2026-03-04T20:16:57","slug":"blog","status":"publish","type":"page","link":"https:\/\/autozone24.gmbh\/it\/blog\/","title":{"rendered":"Blog"},"content":{"rendered":"\t\t<div data-elementor-type=\"wp-page\" data-elementor-id=\"29624\" class=\"elementor elementor-29624 elementor-20472\" data-elementor-post-type=\"page\">\n\t\t\t\t\t\t<section class=\"elementor-section elementor-top-section elementor-element elementor-element-4c4ac4d0 elementor-section-height-min-height elementor-section-boxed elementor-section-height-default elementor-section-items-middle\" data-id=\"4c4ac4d0\" data-element_type=\"section\" data-e-type=\"section\" data-settings=\"{&quot;background_background&quot;:&quot;classic&quot;}\">\n\t\t\t\t\t\t\t<div class=\"elementor-background-overlay\"><\/div>\n\t\t\t\t\t\t\t<div class=\"elementor-container elementor-column-gap-default\">\n\t\t\t\t\t<div class=\"elementor-column elementor-col-100 elementor-top-column elementor-element elementor-element-605cbf5a\" data-id=\"605cbf5a\" data-element_type=\"column\" data-e-type=\"column\">\n\t\t\t<div class=\"elementor-widget-wrap elementor-element-populated\">\n\t\t\t\t\t\t<div class=\"elementor-element elementor-element-95fdada elementor-widget elementor-widget-spacer\" data-id=\"95fdada\" data-element_type=\"widget\" data-e-type=\"widget\" data-widget_type=\"spacer.default\">\n\t\t\t\t<div class=\"elementor-widget-container\">\n\t\t\t\t\t\t\t<div class=\"elementor-spacer\">\n\t\t\t<div class=\"elementor-spacer-inner\"><\/div>\n\t\t<\/div>\n\t\t\t\t\t\t<\/div>\n\t\t\t\t<\/div>\n\t\t\t\t<div class=\"elementor-element elementor-element-7f48ef1d elementor-widget elementor-widget-heading\" data-id=\"7f48ef1d\" data-element_type=\"widget\" data-e-type=\"widget\" data-widget_type=\"heading.default\">\n\t\t\t\t<div class=\"elementor-widget-container\">\n\t\t\t\t\t<h1 class=\"elementor-heading-title elementor-size-default\"><span class=\"vehica-text-primary\">Blog di<\/span> autozone24<\/h1>\t\t\t\t<\/div>\n\t\t\t\t<\/div>\n\t\t\t\t<div class=\"elementor-element elementor-element-538317ce elementor-widget elementor-widget-heading\" data-id=\"538317ce\" data-element_type=\"widget\" data-e-type=\"widget\" data-widget_type=\"heading.default\">\n\t\t\t\t<div class=\"elementor-widget-container\">\n\t\t\t\t\t<h2 class=\"elementor-heading-title elementor-size-default\">Cosa c'\u00e8 da sapere sulla vendita di un'auto<\/h2>\t\t\t\t<\/div>\n\t\t\t\t<\/div>\n\t\t\t\t\t<\/div>\n\t\t<\/div>\n\t\t\t\t\t<\/div>\n\t\t<\/section>\n\t\t\t\t<section class=\"elementor-section elementor-top-section elementor-element elementor-element-7f517de4 elementor-section-boxed elementor-section-height-default elementor-section-height-default\" data-id=\"7f517de4\" data-element_type=\"section\" data-e-type=\"section\">\n\t\t\t\t\t\t<div class=\"elementor-container elementor-column-gap-default\">\n\t\t\t\t\t<div class=\"elementor-column elementor-col-100 elementor-top-column elementor-element elementor-element-3bdc4e90\" data-id=\"3bdc4e90\" data-element_type=\"column\" data-e-type=\"column\">\n\t\t\t<div class=\"elementor-widget-wrap elementor-element-populated\">\n\t\t\t\t\t\t<div class=\"elementor-element elementor-element-26694086 elementor-widget elementor-widget-spacer\" data-id=\"26694086\" data-element_type=\"widget\" data-e-type=\"widget\" data-widget_type=\"spacer.default\">\n\t\t\t\t<div class=\"elementor-widget-container\">\n\t\t\t\t\t\t\t<div class=\"elementor-spacer\">\n\t\t\t<div class=\"elementor-spacer-inner\"><\/div>\n\t\t<\/div>\n\t\t\t\t\t\t<\/div>\n\t\t\t\t<\/div>\n\t\t\t\t\t<\/div>\n\t\t<\/div>\n\t\t\t\t\t<\/div>\n\t\t<\/section>\n\t\t\t\t<section class=\"elementor-section elementor-top-section elementor-element elementor-element-3cce671e elementor-reverse-mobile elementor-section-boxed elementor-section-height-default elementor-section-height-default\" data-id=\"3cce671e\" data-element_type=\"section\" data-e-type=\"section\">\n\t\t\t\t\t\t<div class=\"elementor-container elementor-column-gap-default\">\n\t\t\t\t\t<div class=\"elementor-column elementor-col-50 elementor-top-column elementor-element elementor-element-db6a581\" data-id=\"db6a581\" data-element_type=\"column\" data-e-type=\"column\">\n\t\t\t<div class=\"elementor-widget-wrap elementor-element-populated\">\n\t\t\t\t\t\t<section class=\"elementor-section elementor-inner-section elementor-element elementor-element-655b8c5d elementor-section-full_width elementor-section-height-default elementor-section-height-default\" data-id=\"655b8c5d\" data-element_type=\"section\" data-e-type=\"section\">\n\t\t\t\t\t\t<div class=\"elementor-container elementor-column-gap-default\">\n\t\t\t\t\t<div class=\"elementor-column elementor-col-100 elementor-inner-column elementor-element elementor-element-4ba79f93\" data-id=\"4ba79f93\" data-element_type=\"column\" data-e-type=\"column\">\n\t\t\t<div class=\"elementor-widget-wrap elementor-element-populated\">\n\t\t\t\t\t\t<div class=\"elementor-element elementor-element-43cade56 elementor-widget elementor-widget-spacer\" data-id=\"43cade56\" data-element_type=\"widget\" data-e-type=\"widget\" data-widget_type=\"spacer.default\">\n\t\t\t\t<div class=\"elementor-widget-container\">\n\t\t\t\t\t\t\t<div class=\"elementor-spacer\">\n\t\t\t<div class=\"elementor-spacer-inner\"><\/div>\n\t\t<\/div>\n\t\t\t\t\t\t<\/div>\n\t\t\t\t<\/div>\n\t\t\t\t<div class=\"elementor-element elementor-element-42959972 elementor-widget-tablet__width-initial elementor-widget elementor-widget-text-editor\" data-id=\"42959972\" data-element_type=\"widget\" data-e-type=\"widget\" data-widget_type=\"text-editor.default\">\n\t\t\t\t<div class=\"elementor-widget-container\">\n\t\t\t\t\t\t\t\t\t<p><b>Qui scriviamo per voi ci\u00f2 che dovreste sapere su una vendita o un acquisto di auto di successo. L&#8217;importante \u00e8 e rimane: Ognuno ama un&#8217;auto diversa. Tutti vogliono guidare in modo sicuro e sostenibile.<\/b><\/p><p><b> <\/b><\/p><p><b>Per questo motivo siamo lieti di fornirvi una consulenza completa e personalizzata per la vostra vecchia o prossima auto.<\/b><\/p>\t\t\t\t\t\t\t\t<\/div>\n\t\t\t\t<\/div>\n\t\t\t\t\t<\/div>\n\t\t<\/div>\n\t\t\t\t\t<\/div>\n\t\t<\/section>\n\t\t\t\t\t<\/div>\n\t\t<\/div>\n\t\t\t\t<div class=\"elementor-column elementor-col-50 elementor-top-column elementor-element elementor-element-2d48784e\" data-id=\"2d48784e\" data-element_type=\"column\" data-e-type=\"column\">\n\t\t\t<div class=\"elementor-widget-wrap elementor-element-populated\">\n\t\t\t\t\t\t<section class=\"elementor-section elementor-inner-section elementor-element elementor-element-10a78d05 elementor-section-full_width elementor-section-height-default elementor-section-height-default\" data-id=\"10a78d05\" data-element_type=\"section\" data-e-type=\"section\">\n\t\t\t\t\t\t<div class=\"elementor-container elementor-column-gap-default\">\n\t\t\t\t\t<div class=\"elementor-column elementor-col-100 elementor-inner-column elementor-element elementor-element-33f951f8\" data-id=\"33f951f8\" data-element_type=\"column\" data-e-type=\"column\" data-settings=\"{&quot;background_background&quot;:&quot;classic&quot;}\">\n\t\t\t<div class=\"elementor-widget-wrap elementor-element-populated\">\n\t\t\t\t\t\t<div class=\"elementor-element elementor-element-3ea3261f elementor-widget elementor-widget-spacer\" data-id=\"3ea3261f\" data-element_type=\"widget\" data-e-type=\"widget\" data-widget_type=\"spacer.default\">\n\t\t\t\t<div class=\"elementor-widget-container\">\n\t\t\t\t\t\t\t<div class=\"elementor-spacer\">\n\t\t\t<div class=\"elementor-spacer-inner\"><\/div>\n\t\t<\/div>\n\t\t\t\t\t\t<\/div>\n\t\t\t\t<\/div>\n\t\t\t\t\t<\/div>\n\t\t<\/div>\n\t\t\t\t\t<\/div>\n\t\t<\/section>\n\t\t\t\t\t<\/div>\n\t\t<\/div>\n\t\t\t\t\t<\/div>\n\t\t<\/section>\n\t\t\t\t<section class=\"elementor-section elementor-top-section elementor-element elementor-element-b88a1e7 elementor-section-boxed elementor-section-height-default elementor-section-height-default\" data-id=\"b88a1e7\" data-element_type=\"section\" data-e-type=\"section\">\n\t\t\t\t\t\t<div class=\"elementor-container elementor-column-gap-default\">\n\t\t\t\t\t<div class=\"elementor-column elementor-col-100 elementor-top-column elementor-element elementor-element-2b1480f\" data-id=\"2b1480f\" data-element_type=\"column\" data-e-type=\"column\">\n\t\t\t<div class=\"elementor-widget-wrap elementor-element-populated\">\n\t\t\t\t\t\t<div class=\"elementor-element elementor-element-c4c356a elementor-widget elementor-widget-spacer\" data-id=\"c4c356a\" data-element_type=\"widget\" data-e-type=\"widget\" data-widget_type=\"spacer.default\">\n\t\t\t\t<div class=\"elementor-widget-container\">\n\t\t\t\t\t\t\t<div class=\"elementor-spacer\">\n\t\t\t<div class=\"elementor-spacer-inner\"><\/div>\n\t\t<\/div>\n\t\t\t\t\t\t<\/div>\n\t\t\t\t<\/div>\n\t\t\t\t\t<\/div>\n\t\t<\/div>\n\t\t\t\t\t<\/div>\n\t\t<\/section>\n\t\t\t\t<section class=\"elementor-section elementor-top-section elementor-element elementor-element-de285a8 elementor-section-boxed elementor-section-height-default elementor-section-height-default\" data-id=\"de285a8\" data-element_type=\"section\" data-e-type=\"section\">\n\t\t\t\t\t\t<div class=\"elementor-container elementor-column-gap-default\">\n\t\t\t\t\t<div class=\"elementor-column elementor-col-100 elementor-top-column elementor-element elementor-element-bde6316\" data-id=\"bde6316\" data-element_type=\"column\" data-e-type=\"column\">\n\t\t\t<div class=\"elementor-widget-wrap elementor-element-populated\">\n\t\t\t\t\t\t<div class=\"elementor-element elementor-element-2fd2f4b elementor-widget elementor-widget-hfe-basic-posts\" data-id=\"2fd2f4b\" data-element_type=\"widget\" data-e-type=\"widget\" data-widget_type=\"hfe-basic-posts.default\">\n\t\t\t\t<div class=\"elementor-widget-container\">\n\t\t\t\t\t\n<div class=\"hfe-posts-grid\">\n\t\t\t<article class=\"hfe-post-card\">\n\t\t\t\t\t\t\t<div class=\"hfe-post-image\">\n\t\t\t\t\t<a href=\"https:\/\/autozone24.gmbh\/it\/le-marche-di-auto-piu-popolari-in-svizzera\/\" rel=\"bookmark\">\n\t\t\t\t\t\t<img loading=\"lazy\" decoding=\"async\" width=\"300\" height=\"158\" src=\"https:\/\/autozone24.gmbh\/wp-content\/uploads\/2020\/03\/Die-beliebtesten-Automarken-der-Schweiz-300x158.jpg\" class=\"attachment-medium size-medium wp-post-image\" alt=\"Le marche di auto pi\u00f9 popolari in Svizzera\" loading=\"lazy\" srcset=\"https:\/\/autozone24.gmbh\/wp-content\/uploads\/2020\/03\/Die-beliebtesten-Automarken-der-Schweiz-300x158.jpg 300w, https:\/\/autozone24.gmbh\/wp-content\/uploads\/2020\/03\/Die-beliebtesten-Automarken-der-Schweiz-768x404.jpg 768w, https:\/\/autozone24.gmbh\/wp-content\/uploads\/2020\/03\/Die-beliebtesten-Automarken-der-Schweiz-165x87.jpg 165w, https:\/\/autozone24.gmbh\/wp-content\/uploads\/2020\/03\/Die-beliebtesten-Automarken-der-Schweiz.jpg 1024w\" sizes=\"auto, (max-width: 300px) 100vw, 300px\" \/>\t\t\t\t\t<\/a>\n\t\t\t\t<\/div>\n\t\t\t\n\t\t\t<div class=\"hfe-post-content\">\n\t\t\t\t\t\t\t\t\t<h3 class=\"hfe-post-title\">\n\t\t\t\t\t\t<a href=\"https:\/\/autozone24.gmbh\/it\/le-marche-di-auto-piu-popolari-in-svizzera\/\" rel=\"bookmark\">\n\t\t\t\t\t\t\tLe marche di auto pi\u00f9 popolari in Svizzera\t\t\t\t\t\t<\/a>\n\t\t\t\t\t<\/h3>\n\t\t\t\t\n\t\t\t\t\t\t\t\t\t<div class=\"hfe-post-meta\">\n\t\t\t\t\t\t<span class=\"hfe-post-date\">25 Marzo 2020<\/span><span class=\"hfe-meta-separator\"> | <\/span><span class=\"hfe-post-author\">by Nico Tschui<\/span>\t\t\t\t\t<\/div>\n\t\t\t\t\n\t\t\t\t\t\t\t\t\t<div class=\"hfe-post-excerpt\">\n\t\t\t\t\t\tLentamente, l&#8217;industria automobilistica si sta riprendendo dalla pandemia di Corona. Tuttavia, vale la pena dare un&#8217;occhiata all&#8217;anno 2020, in cui...\t\t\t\t\t<\/div>\n\t\t\t\t\n\t\t\t\t\t\t\t\t\t<a href=\"https:\/\/autozone24.gmbh\/it\/le-marche-di-auto-piu-popolari-in-svizzera\/\" class=\"hfe-read-more\" rel=\"bookmark\">\n\t\t\t\t\t\tPer saperne di pi\u00f9 \u2192\t\t\t\t\t<\/a>\n\t\t\t\t\t\t\t<\/div>\n\t\t<\/article>\n\t\t\t\t<article class=\"hfe-post-card\">\n\t\t\t\t\t\t\t<div class=\"hfe-post-image\">\n\t\t\t\t\t<a href=\"https:\/\/autozone24.gmbh\/it\/lauto-e-un-tesoro-di-credito\/\" rel=\"bookmark\">\n\t\t\t\t\t\t<img loading=\"lazy\" decoding=\"async\" width=\"300\" height=\"158\" src=\"https:\/\/autozone24.gmbh\/wp-content\/uploads\/2020\/03\/Das-Auto-ist-Kredit-Liebling-300x158.jpg\" class=\"attachment-medium size-medium wp-post-image\" alt=\"L&#8217;auto \u00e8 un tesoro di credito\" loading=\"lazy\" srcset=\"https:\/\/autozone24.gmbh\/wp-content\/uploads\/2020\/03\/Das-Auto-ist-Kredit-Liebling-300x158.jpg 300w, https:\/\/autozone24.gmbh\/wp-content\/uploads\/2020\/03\/Das-Auto-ist-Kredit-Liebling-768x404.jpg 768w, https:\/\/autozone24.gmbh\/wp-content\/uploads\/2020\/03\/Das-Auto-ist-Kredit-Liebling-165x87.jpg 165w, https:\/\/autozone24.gmbh\/wp-content\/uploads\/2020\/03\/Das-Auto-ist-Kredit-Liebling.jpg 1024w\" sizes=\"auto, (max-width: 300px) 100vw, 300px\" \/>\t\t\t\t\t<\/a>\n\t\t\t\t<\/div>\n\t\t\t\n\t\t\t<div class=\"hfe-post-content\">\n\t\t\t\t\t\t\t\t\t<h3 class=\"hfe-post-title\">\n\t\t\t\t\t\t<a href=\"https:\/\/autozone24.gmbh\/it\/lauto-e-un-tesoro-di-credito\/\" rel=\"bookmark\">\n\t\t\t\t\t\t\tL&#8217;auto \u00e8 un tesoro di credito\t\t\t\t\t\t<\/a>\n\t\t\t\t\t<\/h3>\n\t\t\t\t\n\t\t\t\t\t\t\t\t\t<div class=\"hfe-post-meta\">\n\t\t\t\t\t\t<span class=\"hfe-post-date\">15 Marzo 2020<\/span><span class=\"hfe-meta-separator\"> | <\/span><span class=\"hfe-post-author\">by Nico Tschui<\/span>\t\t\t\t\t<\/div>\n\t\t\t\t\n\t\t\t\t\t\t\t\t\t<div class=\"hfe-post-excerpt\">\n\t\t\t\t\t\tLa maggior parte degli svizzeri ricorre a un prestito per acquistare l&#8217;auto dei propri sogni. Non c&#8217;\u00e8 da stupirsi: secondo...\t\t\t\t\t<\/div>\n\t\t\t\t\n\t\t\t\t\t\t\t\t\t<a href=\"https:\/\/autozone24.gmbh\/it\/lauto-e-un-tesoro-di-credito\/\" class=\"hfe-read-more\" rel=\"bookmark\">\n\t\t\t\t\t\tPer saperne di pi\u00f9 \u2192\t\t\t\t\t<\/a>\n\t\t\t\t\t\t\t<\/div>\n\t\t<\/article>\n\t\t<\/div>\n\t\t\t\t<\/div>\n\t\t\t\t<\/div>\n\t\t\t\t\t<\/div>\n\t\t<\/div>\n\t\t\t\t\t<\/div>\n\t\t<\/section>\n\t\t\t\t<section class=\"elementor-section elementor-top-section elementor-element elementor-element-7836455 elementor-section-boxed elementor-section-height-default elementor-section-height-default\" data-id=\"7836455\" data-element_type=\"section\" data-e-type=\"section\">\n\t\t\t\t\t\t<div class=\"elementor-container elementor-column-gap-default\">\n\t\t\t\t\t<div class=\"elementor-column elementor-col-100 elementor-top-column elementor-element elementor-element-012a548\" data-id=\"012a548\" data-element_type=\"column\" data-e-type=\"column\">\n\t\t\t<div class=\"elementor-widget-wrap elementor-element-populated\">\n\t\t\t\t\t\t<div class=\"elementor-element elementor-element-868ef1f elementor-widget elementor-widget-spacer\" data-id=\"868ef1f\" data-element_type=\"widget\" data-e-type=\"widget\" data-widget_type=\"spacer.default\">\n\t\t\t\t<div class=\"elementor-widget-container\">\n\t\t\t\t\t\t\t<div class=\"elementor-spacer\">\n\t\t\t<div class=\"elementor-spacer-inner\"><\/div>\n\t\t<\/div>\n\t\t\t\t\t\t<\/div>\n\t\t\t\t<\/div>\n\t\t\t\t\t<\/div>\n\t\t<\/div>\n\t\t\t\t\t<\/div>\n\t\t<\/section>\n\t\t\t\t<\/div>\n\t\t","protected":false},"excerpt":{"rendered":"<p>Blog di autozone24 Cosa c&#8217;\u00e8 da sapere sulla vendita di un&#8217;auto Qui scriviamo per voi ci\u00f2 che dovreste sapere su una vendita o un acquisto di auto di successo. L&#8217;importante \u00e8 e rimane: Ognuno ama un&#8217;auto diversa. Tutti vogliono guidare in modo sicuro e sostenibile. Per questo motivo siamo lieti di fornirvi una consulenza completa [&hellip;]<\/p>\n","protected":false},"author":78,"featured_media":0,"parent":0,"menu_order":0,"comment_status":"closed","ping_status":"closed","template":"","meta":{"footnotes":""},"class_list":["post-29624","page","type-page","status-publish","hentry"],"_links":{"self":[{"href":"https:\/\/autozone24.gmbh\/it\/wp-json\/wp\/v2\/pages\/29624","targetHints":{"allow":["GET"]}}],"collection":[{"href":"https:\/\/autozone24.gmbh\/it\/wp-json\/wp\/v2\/pages"}],"about":[{"href":"https:\/\/autozone24.gmbh\/it\/wp-json\/wp\/v2\/types\/page"}],"author":[{"embeddable":true,"href":"https:\/\/autozone24.gmbh\/it\/wp-json\/wp\/v2\/users\/78"}],"replies":[{"embeddable":true,"href":"https:\/\/autozone24.gmbh\/it\/wp-json\/wp\/v2\/comments?post=29624"}],"version-history":[{"count":1,"href":"https:\/\/autozone24.gmbh\/it\/wp-json\/wp\/v2\/pages\/29624\/revisions"}],"predecessor-version":[{"id":29625,"href":"https:\/\/autozone24.gmbh\/it\/wp-json\/wp\/v2\/pages\/29624\/revisions\/29625"}],"wp:attachment":[{"href":"https:\/\/autozone24.gmbh\/it\/wp-json\/wp\/v2\/media?parent=29624"}],"curies":[{"name":"wp","href":"https:\/\/api.w.org\/{rel}","templated":true}]}}